{"id":192,"date":"2014-12-27T10:33:12","date_gmt":"2014-12-27T09:33:12","guid":{"rendered":"http:\/\/www.hotelmarilena.it\/test2015\/?page_id=192"},"modified":"2020-12-15T11:38:48","modified_gmt":"2020-12-15T10:38:48","slug":"dove-siamo","status":"publish","type":"page","link":"https:\/\/www.hotelmarilena.it\/fr\/dove-siamo.html","title":{"rendered":"O\u00f9 nous sommes"},"content":{"rendered":"<p><div id=\"lmm_8ff1fd74\" style=\"width:925px;\" class=\"mapsmarker markermap marker-1\">\n<div id=\"lmm_panel_8ff1fd74\" class=\"lmm-panel\" style=\"background:#efefef;\">\n<div id=\"lmm_panel_api_8ff1fd74\" class=\"lmm-panel-api\"><a href=\"https:\/\/maps.google.com\/maps?daddr=Hotel+Marilena%2C+Riccione%2C+RN%2C+Italia&amp;t=m&amp;layer=1&amp;doflg=ptk&amp;om=0\" target=\"_blank\" title=\"Obtenir l&#039;itin\u00e9raire\"><img loading=\"lazy\" decoding=\"async\" alt=\"icon-car.png\" src=\"https:\/\/www.hotelmarilena.it\/wp-content\/plugins\/leaflet-maps-marker\/inc\/img\/icon-car.png\" width=\"14\" height=\"14\" class=\"lmm-panel-api-images\" \/><\/a><\/div><div id=\"lmm_panel_text_8ff1fd74\" class=\"lmm-panel-text\" style=\"font-weight:bold;color:#373737;\">Hotel Marilena<\/div><\/div>\n<div id=\"lmm_map_8ff1fd74\" class=\"lmm-map\" style=\"background:#f6f6f6;border:1px solid #ccc;height:465px; overflow:hidden;padding:0;\"><p style=\"font-size:80%;color:#9f9e9e;margin-left:5px;\">chargement de la carte - veuillez patienter...<noscript><br\/><strong>La carte ne peut \u00eatre charg\u00e9e - s'il vous pla\u00eet activer Javascript !<\/strong><br\/><a style=\"text-decoration:none;\" href=\"https:\/\/www.mapsmarker.com\/js-disabled\" target=\"_blank\">&rarr; plus dginformations<\/a><\/noscript><\/p><\/div>\n<div id=\"lmm_geo_tags_8ff1fd74\" class=\"lmm-geo-tags geo\">\n<span class=\"paneltext\">Hotel Marilena<\/span>\n<span class=\"latitude\">44.005067<\/span>, <span class=\"longitude\">12.655494<\/span>\n<span class=\"popuptext\"><\/span>\n<\/div>\n<script type=\"text\/javascript\">\n\/* Maps created with Leaflet Maps Marker - #1 mapping plugin for WordPress (www.mapsmarker.com) *\/\nvar markermap_1 = {};\n(function($) {\nmarkermap_1 = new L.Map(\"lmm_map_8ff1fd74\", { dragging: true, touchZoom: true, scrollWheelZoom: true, doubleClickZoom: true, boxzoom: true, trackResize: true, worldCopyJump: false, closePopupOnClick: true, keyboard: true, keyboardPanOffset: 80, keyboardZoomOffset: 1, inertia: true, inertiaDeceleration: 3000, inertiaMaxSpeed: 1500, zoomControl: true, crs: L.CRS.EPSG3857});\nmarkermap_1.attributionControl.setPrefix(\"<a href=\\\"https:\/\/www.mapsmarker.com\/go\\\" target=\\\"_blank\\\" title=\\\"Leaflet Maps Marker pour WordPress - vous aide \u00e0 partager vos points d\u2019int\u00e9rs et vos chemins pr\u00e9f\u00e9r\u00e9s\\\">MapsMarker.com<\/a> (<a href=\\\"http:\/\/www.leafletjs.com\\\" target=\\\"_blank\\\" title=\\\"Leaflet Maps Marker is based on Leaflet.js maintained by Vladimir Agafonkin\\\">Leaflet<\/a>\/<a href=\\\"https:\/\/mapicons.mapsmarker.com\\\" target=\\\"_blank\\\" title=\\\"Leaflet Maps Marker uses icons from the Maps Icons Collection maintained by Nicolas Mollet\\\">icons<\/a>)\");\nmarkermap_1._layersMaxZoom = 21;\nvar osm_mapnik = new L.TileLayer(\"https:\/\/{s}.tile.openstreetmap.org\/{z}\/{x}\/{y}.png\", {maxZoom: 21, maxNativeZoom: 19, minZoom: 1, errorTileUrl: \"https:\/\/www.hotelmarilena.it\/wp-content\/plugins\/leaflet-maps-marker\/inc\/img\/error-tile-image.png\", attribution: \"Carte: &copy; <a href=\\\"https:\/\/www.openstreetmap.org\/copyright\\\" target=\\\"_blank\\\">OpenStreetMap contributeurs<\/a>&nbsp;(<a href=\\\"https:\/\/www.openstreetmap.org\/edit?editor=id&amp;lat=44.005067&amp;lon=12.655494&zoom=17\\\" target=\\\"_blank\\\" title=\\\"Aider OpenStreetMap.org \u00e0 am\u00e9liorer les d\u00e9tails de la carte\\\">modifier<\/a>)\", detectRetina: true});\nvar stamen_terrain = new L.TileLayer(\"https:\/\/stamen-tiles-{s}.a.ssl.fastly.net\/terrain\/{z}\/{x}\/{y}.png\", {maxZoom: 21, maxNativeZoom: 18, minZoom: 1, errorTileUrl: \"https:\/\/www.hotelmarilena.it\/wp-content\/plugins\/leaflet-maps-marker\/inc\/img\/error-tile-image.png\", attribution: \"<a target=\\\"_blank\\\" href=\\\"http:\/\/maps.stamen.com\/\\\">Map tiles<\/a>: <a target=\\\"_blank\\\" href=\\\"http:\/\/stamen.com\\\">Stamen Design<\/a>, <a target=\\\"_blank\\\" href=\\\"https:\/\/creativecommons.org\/licenses\/by\/3.0\\\">CC BY 3.0<\/a>, Data &copy <a target=\\\"blank\\\" href=\\\"https:\/\/www.openstreetmap.org\/copyright\\\">OpenStreetMap contributeurs<\/a>&nbsp;(<a href=\\\"https:\/\/www.openstreetmap.org\/edit?editor=id&amp;lat=44.005067&amp;lon=12.655494&zoom=17\\\" target=\\\"_blank\\\" title=\\\"Aider OpenStreetMap.org \u00e0 am\u00e9liorer les d\u00e9tails de la carte\\\">modifier<\/a>)\", detectRetina: true});\nvar stamen_toner = new L.TileLayer(\"https:\/\/stamen-tiles-{s}.a.ssl.fastly.net\/toner\/{z}\/{x}\/{y}.png\", {maxZoom: 21, maxNativeZoom: 20, minZoom: 1, errorTileUrl: \"https:\/\/www.hotelmarilena.it\/wp-content\/plugins\/leaflet-maps-marker\/inc\/img\/error-tile-image.png\", attribution: \"<a target=\\\"_blank\\\" href=\\\"http:\/\/maps.stamen.com\/\\\">Map tiles<\/a>: <a target=\\\"_blank\\\" href=\\\"http:\/\/stamen.com\\\">Stamen Design<\/a>, <a target=\\\"_blank\\\" href=\\\"https:\/\/creativecommons.org\/licenses\/by\/3.0\\\">CC BY 3.0<\/a>, Data &copy <a target=\\\"blank\\\" href=\\\"https:\/\/www.openstreetmap.org\/copyright\\\">OpenStreetMap contributeurs<\/a>&nbsp;(<a href=\\\"https:\/\/www.openstreetmap.org\/edit?editor=id&amp;lat=44.005067&amp;lon=12.655494&zoom=17\\\" target=\\\"_blank\\\" title=\\\"Aider OpenStreetMap.org \u00e0 am\u00e9liorer les d\u00e9tails de la carte\\\">modifier<\/a>)\", detectRetina: true});\nvar stamen_watercolor = new L.TileLayer(\"https:\/\/stamen-tiles-{s}.a.ssl.fastly.net\/watercolor\/{z}\/{x}\/{y}.jpg\", {maxZoom: 21, maxNativeZoom: 18, minZoom: 1, errorTileUrl: \"https:\/\/www.hotelmarilena.it\/wp-content\/plugins\/leaflet-maps-marker\/inc\/img\/error-tile-image.png\", attribution: \"<a target=\\\"_blank\\\" href=\\\"http:\/\/maps.stamen.com\/\\\">Map tiles<\/a>: <a target=\\\"_blank\\\" href=\\\"http:\/\/stamen.com\\\">Stamen Design<\/a>, <a target=\\\"_blank\\\" href=\\\"https:\/\/creativecommons.org\/licenses\/by\/3.0\\\">CC BY 3.0<\/a>, Data &copy <a target=\\\"blank\\\" href=\\\"https:\/\/www.openstreetmap.org\/copyright\\\">OpenStreetMap contributeurs<\/a>&nbsp;(<a href=\\\"https:\/\/www.openstreetmap.org\/edit?editor=id&amp;lat=44.005067&amp;lon=12.655494&zoom=17\\\" target=\\\"_blank\\\" title=\\\"Aider OpenStreetMap.org \u00e0 am\u00e9liorer les d\u00e9tails de la carte\\\">modifier<\/a>)\", detectRetina: true});\nvar googleLayer_roadmap = new L.Google(\"ROADMAP\", {detectRetina: true});\nvar googleLayer_satellite = new L.Google(\"SATELLITE\", {detectRetina: true});\nvar googleLayer_hybrid = new L.Google(\"HYBRID\", {detectRetina: true});\nvar googleLayer_terrain = new L.Google(\"TERRAIN\", {detectRetina: true});\nvar ogdwien_basemap = new L.TileLayer(\"https:\/\/{s}.wien.gv.at\/basemap\/geolandbasemap\/normal\/google3857\/{z}\/{y}\/{x}.png\", {maxZoom: 21, maxNativeZoom: 19, minZoom: 1, attribution: \"Carte: <a href=\\\"https:\/\/www.basemap.at\\\" target=\\\"_blank\\\" style=\\\"\\\">basemap.at<\/a>\", subdomains: [\"maps1\", \"maps2\", \"maps3\", \"maps4\"], detectRetina: true});\nvar ogdwien_satellite = new L.TileLayer(\"https:\/\/{s}.wien.gv.at\/basemap\/bmaporthofoto30cm\/normal\/google3857\/{z}\/{y}\/{x}.jpeg\", {maxZoom: 21, maxNativeZoom: 19, minZoom: 1, attribution: \"Carte: <a href=\\\"https:\/\/www.basemap.at\\\" target=\\\"_blank\\\" style=\\\"\\\">basemap.at<\/a>\", subdomains: [\"maps1\", \"maps2\", \"maps3\", \"maps3\"], detectRetina: true});\nvar mapbox = new L.TileLayer(\"https:\/\/{s}.tiles.mapbox.com\/v3\/mapbox.blue-marble-topo-jul\/{z}\/{x}\/{y}.png\", {minZoom: 0, maxZoom: 21, maxNativeZoom: 8, errorTileUrl: \"https:\/\/www.hotelmarilena.it\/wp-content\/plugins\/leaflet-maps-marker\/inc\/img\/error-tile-image.png\", attribution: \"MapBox\/NASA, <a href=\\\"\/\/www.mapbox.com&quot;\\\">http:\/\/www.mapbox.com<\/a>\", subdomains: [\"a\",\"b\",\"c\",\"d\"], detectRetina: true});\nvar mapbox2 = new L.TileLayer(\"https:\/\/{s}.tiles.mapbox.com\/v3\/mapbox.geography-class\/{z}\/{x}\/{y}.png\", {minZoom: 0, maxZoom: 21, maxNativeZoom: 8, errorTileUrl: \"https:\/\/www.hotelmarilena.it\/wp-content\/plugins\/leaflet-maps-marker\/inc\/img\/error-tile-image.png\", attribution: \"MapBox, <a href=\\\"\/\/www.mapbox.com&quot;\\\">http:\/\/www.mapbox.com<\/a>\", subdomains: [\"a\",\"b\",\"c\",\"d\"], detectRetina: true});\nvar mapbox3 = new L.TileLayer(\"https:\/\/{s}.tiles.mapbox.com\/v3\/mapbox.natural-earth-1\/{z}\/{x}\/{y}.png\", {minZoom: 0, maxZoom: 21, maxNativeZoom: 6, errorTileUrl: \"https:\/\/www.hotelmarilena.it\/wp-content\/plugins\/leaflet-maps-marker\/inc\/img\/error-tile-image.png\", attribution: \"MapBox, <a href=\\\"\/\/www.mapbox.com&quot;\\\">http:\/\/www.mapbox.com<\/a>\", subdomains: [\"a\",\"b\",\"c\",\"d\"], detectRetina: true});\nvar custom_basemap = new L.TileLayer(\"http:\/\/tile.opencyclemap.org\/cycle\/{z}\/{x}\/{y}.png\", {maxZoom: 21, maxNativeZoom: 17, minZoom: 1, tms: false, errorTileUrl: \"https:\/\/www.hotelmarilena.it\/wp-content\/plugins\/leaflet-maps-marker\/inc\/img\/error-tile-image.png\", attribution: \"Carte: &copy; <a href=\\\"\/\/openstreetmap.org\/&quot;\\\">OpenStreetMap contributors<\/a>, <a href=\\\"\/\/creativecommons.org\/licenses\/by-sa\/2.0\/&quot;\\\">CC-BY-SA<\/a>\", continuousWorld: false, noWrap: false, detectRetina: true});\nvar custom_basemap2 = new L.TileLayer(\"http:\/\/tile.stamen.com\/watercolor\/{z}\/{x}\/{y}.jpg\", {maxZoom: 21, maxNativeZoom: 17, minZoom: 1, tms: false, errorTileUrl: \"https:\/\/www.hotelmarilena.it\/wp-content\/plugins\/leaflet-maps-marker\/inc\/img\/error-tile-image.png\", attribution: \"Carte: Map tiles: <a href=\\\"\/\/stamen.com&quot;\\\">Stamen Design<\/a>, <a href=\\\"\/\/creativecommons.org\/licenses\/by\/3.0&quot;\\\">CC BY 3.0<\/a>. Data: <a href=\\\"\/\/openstreetmap.org&quot;\\\">OpenStreetMap<\/a>, <a href=\\\"\/\/creativecommons.org\/licenses\/by-sa\/3.0&quot;\\\">CC BY SA<\/a>\", continuousWorld: false, noWrap: false, detectRetina: true});\nvar custom_basemap3 = new L.TileLayer(\"http:\/\/{s}.tile2.opencyclemap.org\/transport\/{z}\/{x}\/{y}.png\", {maxZoom: 21, maxNativeZoom: 18, minZoom: 1, tms: false, errorTileUrl: \"https:\/\/www.hotelmarilena.it\/wp-content\/plugins\/leaflet-maps-marker\/inc\/img\/error-tile-image.png\", attribution: \"Carte: &copy; Gravitystorm Ltd. <a href=\\\"\/\/www.thunderforest.com&quot;\\\">Thunderforest<\/a>\", subdomains: [\"a\", \"b\", \"c\"], continuousWorld: false, noWrap: false, detectRetina: true});\nvar empty_basemap = new L.TileLayer(\"\");\nvar overlays_custom = new L.TileLayer(\"http:\/\/{s}.wien.gv.at\/wmts\/beschriftung\/normal\/google3857\/{z}\/{y}\/{x}.png\", {tms: false, errorTileUrl: \"https:\/\/www.hotelmarilena.it\/wp-content\/plugins\/leaflet-maps-marker\/inc\/img\/error-tile-image.png\", attribution: \"Addresses: City of Vienna (<a href=\\\"\/\/data.wien.gv.at&quot;\\\">data.wien.gv.at<\/a>)\", opacity: 1, maxZoom: 21, maxNativeZoom: 19, minZoom: 1, subdomains: [\"maps\", \"maps1\", \"maps2\", \"maps3\"], detectRetina: true});\nvar overlays_custom2 = new L.TileLayer(\"http:\/\/{s}.wien.gv.at\/wmts\/beschriftung\/normal\/google3857\/{z}\/{y}\/{x}.png\", {tms: false, errorTileUrl: \"https:\/\/www.hotelmarilena.it\/wp-content\/plugins\/leaflet-maps-marker\/inc\/img\/error-tile-image.png\", attribution: \"Addresses: City of Vienna (<a href=\\\"\/\/data.wien.gv.at&quot;\\\">data.wien.gv.at<\/a>)\", opacity: 1, maxZoom: 21, maxNativeZoom: 17, minZoom: 1, subdomains: [\"maps\", \"maps1\", \"maps2\", \"maps3\"], detectRetina: true});\nvar overlays_custom3 = new L.TileLayer(\"http:\/\/{s}.wien.gv.at\/wmts\/beschriftung\/normal\/google3857\/{z}\/{y}\/{x}.png\", {tms: false, errorTileUrl: \"https:\/\/www.hotelmarilena.it\/wp-content\/plugins\/leaflet-maps-marker\/inc\/img\/error-tile-image.png\", attribution: \"Addresses: City of Vienna (<a href=\\\"\/\/data.wien.gv.at&quot;\\\">data.wien.gv.at<\/a>)\", opacity: 1, maxZoom: 21, maxNativeZoom: 17, minZoom: 1, subdomains: [\"maps\", \"maps1\", \"maps2\", \"maps3\"], detectRetina: true});\nvar overlays_custom4 = new L.TileLayer(\"http:\/\/{s}.wien.gv.at\/wmts\/beschriftung\/normal\/google3857\/{z}\/{y}\/{x}.png\", {tms: false, errorTileUrl: \"https:\/\/www.hotelmarilena.it\/wp-content\/plugins\/leaflet-maps-marker\/inc\/img\/error-tile-image.png\", attribution: \"Addresses: City of Vienna (<a href=\\\"\/\/data.wien.gv.at&quot;\\\">data.wien.gv.at<\/a>)\", opacity: 1, maxZoom: 21, maxNativeZoom: 17, minZoom: 1, subdomains: [\"maps\", \"maps1\", \"maps2\", \"maps3\"], detectRetina: true});\nvar layersControl_markermap_1 = new L.Control.Layers(\n{'OpenStreetMap': osm_mapnik,'Stamen Terrain': stamen_terrain,'Stamen Toner': stamen_toner,'Stamen Watercolor': stamen_watercolor,'Google Maps (Mappa stradale)': googleLayer_roadmap,'Google Maps (Satellite)': googleLayer_satellite,'Google Maps (Ibrida)': googleLayer_hybrid,'Google Maps (Terreno)': googleLayer_terrain,'Open Cycle Map': custom_basemap,'Stamen Watercolor': custom_basemap2,'Transport Map': custom_basemap3},\n{},\n{ collapsed: true } );\nmarkermap_1.setView(new L.LatLng(44.005067, 12.655494), 17);\nmarkermap_1.addLayer(osm_mapnik).addControl(layersControl_markermap_1);\nvar scale_markermap_1 = L.control.scale({position:'bottomleft', maxWidth: 100, metric: true, imperial: true, updateWhenIdle: false});\nscale_markermap_1.addTo(markermap_1);\nvar marker_markermap_1 = new L.Marker(new L.LatLng(44.005067, 12.655494),{ title: 'Hotel Marilena',  opacity: 1});\nmarker_markermap_1.options.icon = new L.Icon({iconUrl: 'https:\/\/www.hotelmarilena.it\/wp-content\/plugins\/leaflet-maps-marker\/leaflet-dist\/images\/marker.png',iconSize: [32, 37],iconAnchor: [17, 36],popupAnchor: [-1, -32],shadowUrl: 'https:\/\/www.hotelmarilena.it\/wp-content\/plugins\/leaflet-maps-marker\/leaflet-dist\/images\/marker-shadow.png',shadowSize: [41, 41],shadowAnchor: [16, 43],className: 'lmm_marker_icon_default'});\nmarkermap_1.addLayer(marker_markermap_1);\nmarker_markermap_1.bindPopup(\"<div class='popup-directions' style=''>Hotel Marilena, Riccione, RN, Italia (<a href=http:\/\/maps.google.com\/maps?daddr=Hotel+Marilena%2C+Riccione%2C+RN%2C+Italia&t=m&layer=1&doflg=ptk&om=0 target='_blank' title='Obtenir l&#039;itin\u00e9raire'>Itin\u00e9raire<\/a>)<\/div>\", {maxWidth: 300, minWidth: 250, maxHeight: 160, autoPan: true, closeButton: true, autoPanPadding: new L.Point(5, 5)}).openPopup();\n})(jQuery);\njQuery(document).ready( function($) {\r\nfunction resizeMap() {\r\n\tvar map = jQuery('#lmm_8ff1fd74');\r\n\t\tvar map_parent_size = jQuery('#lmm_8ff1fd74').parent().width();\r\n\tif( (map_parent_size >0) && (map_parent_size < 925) ) {\r\n\t\tmap.css({ 'width': '100%'});\n\t\tmarkermap_1.invalidateSize();\r\n\t}\n}\r\nresizeMap();\nif (typeof jQuery().modal == 'function') {\r\n\t\tmarkermap_1.invalidateSize();\r\n\t\tjQuery('a[data-toggle=\"tab\"],.tabbed-area a,.nav-tabs a').on('shown.bs.tab', function (e) {\r\n\t\t\tmarkermap_1.invalidateSize();\r\n\t\t});\r\n\t}\r\n\tif (typeof jQuery.ui != 'undefined') {\r\n\tmarkermap_1.invalidateSize();\r\n\tjQuery('.ui-tabs').on('tabsactivate', function(event, ui) {\r\n\t\tmarkermap_1.invalidateSize();\r\n\t});\r\n}\r\nif (typeof jQuery.mobile != 'undefined') {\r\n\tjQuery(document).bind('pageinit', function( event, data ){\r\n\t\tmarkermap_1.invalidateSize();\r\n\t});\n}\n});\n<\/script>\n<\/div><\/p>","protected":false},"excerpt":{"rendered":"<p>D\u00e9sol\u00e9, cet article est seulement disponible en English.[google_map_easy id=\u00a0\u00bb1&Prime;]<\/p>\n","protected":false},"author":1,"featured_media":0,"parent":0,"menu_order":0,"comment_status":"closed","ping_status":"open","template":"template-fullwidth.php","meta":{"ngg_post_thumbnail":0,"footnotes":""},"class_list":["post-192","page","type-page","status-publish","hentry"],"yoast_head":"<!-- This site is optimized with the Yoast SEO plugin v27.4 - https:\/\/yoast.com\/product\/yoast-seo-wordpress\/ -->\n<title>Hotel Marilena Riccione - dove siamo<\/title>\n<meta name=\"description\" content=\"L&#039;Hotel Marilena e situato in posizione centrale, a 100 metri dal mare e a 150 metri dal centralissimo viale Ceccarini\" \/>\n<meta name=\"robots\" content=\"index, follow, max-snippet:-1, max-image-preview:large, max-video-preview:-1\" \/>\n<link rel=\"canonical\" href=\"https:\/\/www.hotelmarilena.it\/fr\/dove-siamo.html\" \/>\n<meta property=\"og:locale\" content=\"fr_FR\" \/>\n<meta property=\"og:type\" content=\"article\" \/>\n<meta property=\"og:title\" content=\"Hotel Marilena Riccione - dove siamo\" \/>\n<meta property=\"og:description\" content=\"L&#039;Hotel Marilena e situato in posizione centrale, a 100 metri dal mare e a 150 metri dal centralissimo viale Ceccarini\" \/>\n<meta property=\"og:url\" content=\"https:\/\/www.hotelmarilena.it\/fr\/dove-siamo.html\" \/>\n<meta property=\"og:site_name\" content=\"Hotel Marilena\" \/>\n<meta property=\"article:publisher\" content=\"https:\/\/www.facebook.com\/HotelMarilenaRiccione\" \/>\n<meta property=\"article:modified_time\" content=\"2020-12-15T10:38:48+00:00\" \/>\n<meta property=\"og:image\" content=\"https:\/\/www.hotelmarilena.it\/wp-content\/uploads\/2015\/02\/IMG-20200623-WA0009.jpg\" \/>\n\t<meta property=\"og:image:width\" content=\"1600\" \/>\n\t<meta property=\"og:image:height\" content=\"1447\" \/>\n\t<meta property=\"og:image:type\" content=\"image\/jpeg\" \/>\n<script type=\"application\/ld+json\" class=\"yoast-schema-graph\">{\"@context\":\"https:\\\/\\\/schema.org\",\"@graph\":[{\"@type\":\"WebPage\",\"@id\":\"https:\\\/\\\/www.hotelmarilena.it\\\/fr\\\/dove-siamo.html\",\"url\":\"https:\\\/\\\/www.hotelmarilena.it\\\/fr\\\/dove-siamo.html\",\"name\":\"Hotel Marilena Riccione - dove siamo\",\"isPartOf\":{\"@id\":\"https:\\\/\\\/www.hotelmarilena.it\\\/fr\\\/#website\"},\"datePublished\":\"2014-12-27T09:33:12+00:00\",\"dateModified\":\"2020-12-15T10:38:48+00:00\",\"description\":\"L'Hotel Marilena e situato in posizione centrale, a 100 metri dal mare e a 150 metri dal centralissimo viale Ceccarini\",\"breadcrumb\":{\"@id\":\"https:\\\/\\\/www.hotelmarilena.it\\\/fr\\\/dove-siamo.html#breadcrumb\"},\"inLanguage\":\"fr-FR\",\"potentialAction\":[{\"@type\":\"ReadAction\",\"target\":[[\"https:\\\/\\\/www.hotelmarilena.it\\\/fr\\\/dove-siamo.html\"]]}]},{\"@type\":\"BreadcrumbList\",\"@id\":\"https:\\\/\\\/www.hotelmarilena.it\\\/fr\\\/dove-siamo.html#breadcrumb\",\"itemListElement\":[{\"@type\":\"ListItem\",\"position\":1,\"name\":\"Home\",\"item\":\"https:\\\/\\\/www.hotelmarilena.it\\\/fr\\\/\"},{\"@type\":\"ListItem\",\"position\":2,\"name\":\"Dove Siamo\"}]},{\"@type\":\"WebSite\",\"@id\":\"https:\\\/\\\/www.hotelmarilena.it\\\/fr\\\/#website\",\"url\":\"https:\\\/\\\/www.hotelmarilena.it\\\/fr\\\/\",\"name\":\"Hotel Marilena\",\"description\":\"Il tuo Hotel a Riccione\",\"publisher\":{\"@id\":\"https:\\\/\\\/www.hotelmarilena.it\\\/fr\\\/#organization\"},\"potentialAction\":[{\"@type\":\"SearchAction\",\"target\":{\"@type\":\"EntryPoint\",\"urlTemplate\":\"https:\\\/\\\/www.hotelmarilena.it\\\/fr\\\/?s={search_term_string}\"},\"query-input\":{\"@type\":\"PropertyValueSpecification\",\"valueRequired\":true,\"valueName\":\"search_term_string\"}}],\"inLanguage\":\"fr-FR\"},{\"@type\":\"Organization\",\"@id\":\"https:\\\/\\\/www.hotelmarilena.it\\\/fr\\\/#organization\",\"name\":\"Hotel Marilena\",\"url\":\"https:\\\/\\\/www.hotelmarilena.it\\\/fr\\\/\",\"logo\":{\"@type\":\"ImageObject\",\"inLanguage\":\"fr-FR\",\"@id\":\"https:\\\/\\\/www.hotelmarilena.it\\\/fr\\\/#\\\/schema\\\/logo\\\/image\\\/\",\"url\":\"https:\\\/\\\/www.hotelmarilena.it\\\/wp-content\\\/uploads\\\/2019\\\/02\\\/logo-home-2019.png\",\"contentUrl\":\"https:\\\/\\\/www.hotelmarilena.it\\\/wp-content\\\/uploads\\\/2019\\\/02\\\/logo-home-2019.png\",\"width\":472,\"height\":234,\"caption\":\"Hotel Marilena\"},\"image\":{\"@id\":\"https:\\\/\\\/www.hotelmarilena.it\\\/fr\\\/#\\\/schema\\\/logo\\\/image\\\/\"},\"sameAs\":[\"https:\\\/\\\/www.facebook.com\\\/HotelMarilenaRiccione\",\"https:\\\/\\\/www.instagram.com\\\/hotelmarilenariccione\"]}]}<\/script>\n<!-- \/ Yoast SEO plugin. -->","yoast_head_json":{"title":"Hotel Marilena Riccione - dove siamo","description":"L'Hotel Marilena e situato in posizione centrale, a 100 metri dal mare e a 150 metri dal centralissimo viale Ceccarini","robots":{"index":"index","follow":"follow","max-snippet":"max-snippet:-1","max-image-preview":"max-image-preview:large","max-video-preview":"max-video-preview:-1"},"canonical":"https:\/\/www.hotelmarilena.it\/fr\/dove-siamo.html","og_locale":"fr_FR","og_type":"article","og_title":"Hotel Marilena Riccione - dove siamo","og_description":"L'Hotel Marilena e situato in posizione centrale, a 100 metri dal mare e a 150 metri dal centralissimo viale Ceccarini","og_url":"https:\/\/www.hotelmarilena.it\/fr\/dove-siamo.html","og_site_name":"Hotel Marilena","article_publisher":"https:\/\/www.facebook.com\/HotelMarilenaRiccione","article_modified_time":"2020-12-15T10:38:48+00:00","og_image":[{"width":1600,"height":1447,"url":"https:\/\/www.hotelmarilena.it\/wp-content\/uploads\/2015\/02\/IMG-20200623-WA0009.jpg","type":"image\/jpeg"}],"schema":{"@context":"https:\/\/schema.org","@graph":[{"@type":"WebPage","@id":"https:\/\/www.hotelmarilena.it\/fr\/dove-siamo.html","url":"https:\/\/www.hotelmarilena.it\/fr\/dove-siamo.html","name":"Hotel Marilena Riccione - dove siamo","isPartOf":{"@id":"https:\/\/www.hotelmarilena.it\/fr\/#website"},"datePublished":"2014-12-27T09:33:12+00:00","dateModified":"2020-12-15T10:38:48+00:00","description":"L'Hotel Marilena e situato in posizione centrale, a 100 metri dal mare e a 150 metri dal centralissimo viale Ceccarini","breadcrumb":{"@id":"https:\/\/www.hotelmarilena.it\/fr\/dove-siamo.html#breadcrumb"},"inLanguage":"fr-FR","potentialAction":[{"@type":"ReadAction","target":[["https:\/\/www.hotelmarilena.it\/fr\/dove-siamo.html"]]}]},{"@type":"BreadcrumbList","@id":"https:\/\/www.hotelmarilena.it\/fr\/dove-siamo.html#breadcrumb","itemListElement":[{"@type":"ListItem","position":1,"name":"Home","item":"https:\/\/www.hotelmarilena.it\/fr\/"},{"@type":"ListItem","position":2,"name":"Dove Siamo"}]},{"@type":"WebSite","@id":"https:\/\/www.hotelmarilena.it\/fr\/#website","url":"https:\/\/www.hotelmarilena.it\/fr\/","name":"Hotel Marilena","description":"Il tuo Hotel a Riccione","publisher":{"@id":"https:\/\/www.hotelmarilena.it\/fr\/#organization"},"potentialAction":[{"@type":"SearchAction","target":{"@type":"EntryPoint","urlTemplate":"https:\/\/www.hotelmarilena.it\/fr\/?s={search_term_string}"},"query-input":{"@type":"PropertyValueSpecification","valueRequired":true,"valueName":"search_term_string"}}],"inLanguage":"fr-FR"},{"@type":"Organization","@id":"https:\/\/www.hotelmarilena.it\/fr\/#organization","name":"Hotel Marilena","url":"https:\/\/www.hotelmarilena.it\/fr\/","logo":{"@type":"ImageObject","inLanguage":"fr-FR","@id":"https:\/\/www.hotelmarilena.it\/fr\/#\/schema\/logo\/image\/","url":"https:\/\/www.hotelmarilena.it\/wp-content\/uploads\/2019\/02\/logo-home-2019.png","contentUrl":"https:\/\/www.hotelmarilena.it\/wp-content\/uploads\/2019\/02\/logo-home-2019.png","width":472,"height":234,"caption":"Hotel Marilena"},"image":{"@id":"https:\/\/www.hotelmarilena.it\/fr\/#\/schema\/logo\/image\/"},"sameAs":["https:\/\/www.facebook.com\/HotelMarilenaRiccione","https:\/\/www.instagram.com\/hotelmarilenariccione"]}]}},"_links":{"self":[{"href":"https:\/\/www.hotelmarilena.it\/fr\/wp-json\/wp\/v2\/pages\/192","targetHints":{"allow":["GET"]}}],"collection":[{"href":"https:\/\/www.hotelmarilena.it\/fr\/wp-json\/wp\/v2\/pages"}],"about":[{"href":"https:\/\/www.hotelmarilena.it\/fr\/wp-json\/wp\/v2\/types\/page"}],"author":[{"embeddable":true,"href":"https:\/\/www.hotelmarilena.it\/fr\/wp-json\/wp\/v2\/users\/1"}],"replies":[{"embeddable":true,"href":"https:\/\/www.hotelmarilena.it\/fr\/wp-json\/wp\/v2\/comments?post=192"}],"version-history":[{"count":0,"href":"https:\/\/www.hotelmarilena.it\/fr\/wp-json\/wp\/v2\/pages\/192\/revisions"}],"wp:attachment":[{"href":"https:\/\/www.hotelmarilena.it\/fr\/wp-json\/wp\/v2\/media?parent=192"}],"curies":[{"name":"wp","href":"https:\/\/api.w.org\/{rel}","templated":true}]}}